{"id":243,"date":"2023-10-27T13:54:15","date_gmt":"2023-10-27T11:54:15","guid":{"rendered":"https:\/\/ravellobrasil.com\/?page_id=243"},"modified":"2023-10-27T13:56:03","modified_gmt":"2023-10-27T11:56:03","slug":"politica-cookies","status":"publish","type":"page","link":"https:\/\/ravellobrasil.com\/es\/politica-cookies\/","title":{"rendered":"POL\u00cdTICA DE COOKIES"},"content":{"rendered":"[vc_row type=\u00bbin_container\u00bb full_screen_row_position=\u00bbmiddle\u00bb column_margin=\u00bbnone\u00bb column_direction=\u00bbdefault\u00bb column_direction_tablet=\u00bbdefault\u00bb column_direction_phone=\u00bbdefault\u00bb scene_position=\u00bbcenter\u00bb text_color=\u00bbdark\u00bb text_align=\u00bbleft\u00bb row_border_radius=\u00bbnone\u00bb row_border_radius_applies=\u00bbbg\u00bb overflow=\u00bbvisible\u00bb overlay_strength=\u00bb0.3&#8243; gradient_direction=\u00bbleft_to_right\u00bb shape_divider_position=\u00bbbottom\u00bb bg_image_animation=\u00bbnone\u00bb gradient_type=\u00bbdefault\u00bb shape_type=\u00bb\u00bb][vc_column column_element_direction_desktop=\u00bbdefault\u00bb column_element_spacing=\u00bbdefault\u00bb desktop_text_alignment=\u00bbleft\u00bb tablet_text_alignment=\u00bbdefault\u00bb phone_text_alignment=\u00bbdefault\u00bb background_color_opacity=\u00bb1&#8243; background_hover_color_opacity=\u00bb1&#8243; background_image_phone=\u00bb25&#8243; column_backdrop_filter=\u00bbnone\u00bb column_shadow=\u00bbnone\u00bb column_border_radius=\u00bbnone\u00bb column_link_target=\u00bb_self\u00bb column_position=\u00bbdefault\u00bb gradient_direction=\u00bbleft_to_right\u00bb overlay_strength=\u00bb0.3&#8243; width=\u00bb1\/1&#8243; tablet_width_inherit=\u00bbdefault\u00bb animation_type=\u00bbdefault\u00bb bg_image_animation=\u00bbnone\u00bb parallax_bg=\u00bbtrue\u00bb parallax_bg_speed=\u00bbminimum\u00bb border_type=\u00bbsimple\u00bb column_border_width=\u00bbnone\u00bb column_border_style=\u00bbsolid\u00bb column_padding_type=\u00bbadvanced\u00bb gradient_type=\u00bbdefault\u00bb][split_line_heading animation_type=\u00bbline-reveal-by-space\u00bb font_style=\u00bbh2&#8243; text_color=\u00bb#919d9d\u00bb line_reveal_by_space_text_effect=\u00bbnone\u00bb stagger_animation=\u00bbtrue\u00bb mobile_disable_animation=\u00bbtrue\u00bb content_alignment=\u00bbdefault\u00bb mobile_content_alignment=\u00bbinherit\u00bb link_target=\u00bb_self\u00bb text_content=\u00bbPOL\u00cdTICA DE COOKIES\u00bb font_size_tablet=\u00bb9vw\u00bb font_size_phone=\u00bb10vw\u00bb][\/split_line_heading][vc_column_text]En cumplimiento de la Ley 34\/2002, de 11 de julio, de Servicios de la Sociedad de la Informaci\u00f3n y Comercio Electr\u00f3nico le informamos de la utilizaci\u00f3n de cookies en nuestro Sitio Web con el fin de facilitar y mejorar la navegaci\u00f3n a los usuarios, recordando por donde naveg\u00f3 en el sitio web, su nombre de usuario al registrarse, las preferencias y configuraciones de visualizaci\u00f3n, y ofreciendo a cada usuario informaci\u00f3n que puede ser de su inter\u00e9s.<\/p>\n<p><b>\u00bfQu\u00e9 son las cookies?<\/b><\/p>\n<p>Una cookie es un fichero que se descarga en su dispositivo (ordenador, tablet, smartphones, etc.) al acceder a determinadas p\u00e1ginas web. Las cookies permiten a una p\u00e1gina web, entre otras cosas, almacenar y recuperar informaci\u00f3n sobre los h\u00e1bitos de navegaci\u00f3n de un usuario o de su equipo y, dependiendo de la informaci\u00f3n que contengan y de la forma en que utilice su equipo, pueden utilizarse para reconocer al usuario.<\/p>\n<p><b>\u00bfQu\u00e9 tipo de cookies utiliza esta web?<\/b><\/p>\n<p>Las cookies pueden ser tanto propias (aqu\u00e9llas que se env\u00edan al equipo terminal del usuario desde un equipo o dominio gestionado por el propio editor y desde el que se presta el servicio solicitado por el usuario) o de terceros (aqu\u00e9llas que se env\u00edan al equipo terminal del usuario desde un equipo o dominio que no es gestionado por el editor, sino por otra entidad que trata los datos obtenidos trav\u00e9s de las cookies).<\/p>\n<p>Usamos cookies propias (t\u00e9cnicas) necesarias para la navegaci\u00f3n por su sitio web:<\/p>\n<p><b>Cookies de sesi\u00f3n<\/b>: cookies temporales que est\u00e1n en archivo de cookies del navegador hasta que abandone la p\u00e1gina web, por lo que ninguna permanece en el dispositivo del Usuario. La informaci\u00f3n recogida por estas cookies, es para analizar los patrones de tr\u00e1fico en la web.<\/p>\n<p><b>Cookies permanentes<\/b>: se almacenan en el disco duro del dispositivo y son le\u00eddas cada vez que se realiza una nueva visita. Las cookie permanentes van con fecha de expiraci\u00f3n establecida y se desactivar\u00e1 a partir de dicha esa fecha. Se utilizan sobre todo agilizar las compras y registros.<\/p>\n<p><b>Cookies de rendimiento<\/b>: recuerdan las preferencias del Usuario para las herramientas que se encuentran en los Servicios de una Web para no volver a configurarlo cada vez que se visite. Incluyen:<br \/>\nEl Ajuste de volumen en los reproductores de v\u00eddeo y sonido.<br \/>\nLa velocidad de transmisi\u00f3n de v\u00eddeo para que sea compatible con el navegador utilizado.<br \/>\nLos productos elegidos en los \u201ccarritos de la compra\u201d en las E-commerce.<\/p>\n<p><b>Cookies de Geo-Localizaci\u00f3n<\/b>: averiguan en qu\u00e9 pa\u00eds te encuentras cuando al solicitar un Servicio. Es una cookie an\u00f3nima que s\u00f3lo ayuda a orientar el contenido a tu ubicaci\u00f3n.<\/p>\n<p><b>Cookies de registro<\/b>: se generan cuando un Usuario se ha registrado o ha abierto sesi\u00f3n y se utilizan para identificarle. Sus objetivos:<br \/>\nMantener al Usuario identificado. As\u00ed, si cierra un Servicio, el navegador o el ordenador en otro momento u otro d\u00eda, vuelve a entrar en dicho Servicio, sin tener identificarse de nuevo. Si el Usuario \u201ccierra sesi\u00f3n\u201d la cookie se elimina, y la pr\u00f3xima vez tendr\u00e1 que iniciar sesi\u00f3n.<\/p>\n<p>Comprobar que Usuario est\u00e1 autorizado para acceder a ciertos Servicios.<\/p>\n<p>Algunas Webs pueden conectarse con redes sociales tales como Facebook o Twitter. Si el Usuario se registra en un Servicio con credenciales de una red social, est\u00e1 autorizando a la red social a guardar una Cookie que le recuerde y garantice el acceso al Servicio hasta que expire. El Usuario puede eliminar esta Cookie y anular el acceso a los Servicios a trav\u00e9s de la red social espec\u00edfica, en sus preferencias.<\/p>\n<p><b>Cookies de anal\u00edtica<\/b>: se generan cada vez que un Usuario visita una Web, por una herramienta de un proveedor externo (Google Analytics, Yahoo Web Analytics, Urchin y similares). La Cookie se crea en la visita y servir\u00e1 para identificar al Usuario de forma an\u00f3nima. Los objetivos principales que se persiguen son:<\/p>\n<p>\u2013 Identificaci\u00f3n de los Usuarios de forma an\u00f3nima a trav\u00e9s de la Cookie (identifica los navegadores y dispositivos, no a las personas) para la contabilizaci\u00f3n de visitantes y su tendencia en el tiempo.<br \/>\n\u2013 Identificar de forma an\u00f3nima los contenidos m\u00e1s visitados para los Usuarios.<br \/>\nSaber si el Usuario es nuevo o est\u00e1 repitiendo visita.<\/p>\n<p><b>Importante<\/b>: La \u201cCookie\u201d nunca ir\u00e1 asociada a ning\u00fan dato de car\u00e1cter personal, s\u00f3lo se utilizan a modo estad\u00edstico para que ayuden a la optimizaci\u00f3n de usabilidad del sitio.<\/p>\n<p>Este sitio puede albergar tambi\u00e9n\u00a0<i>web beacons<\/i>\u00a0(tambi\u00e9n conocidos como\u00a0<i>web bugs<\/i>). Los\u00a0<i>web beacons<\/i>\u00a0suelen ser peque\u00f1as im\u00e1genes de un pixel por un pixel, visibles o invisibles colocados dentro del c\u00f3digo fuente de las p\u00e1ginas web de un sitio. Los\u00a0<i>web beacons<\/i>\u00a0sirven y se utilizan de una forma similar a las\u00a0<i>cookies<\/i>. Adem\u00e1s, los\u00a0<i>web beacons<\/i>\u00a0suelen utilizarse para medir el tr\u00e1fico de usuarios que visitan una p\u00e1gina web y poder sacar un patr\u00f3n de los usuarios de un sitio.<\/p>\n<p>Adem\u00e1s usamos cookies de terceros para analizar el comportamiento de navegaci\u00f3n del sitio web por parte de los usuarios (obteniendo datos del tipo: n\u00famero de visitantes, tiempo de las visitas, p\u00e1ginas vistas, palabras clave usadas para encontrar el sitio, etc\u2026) en ning\u00fan caso se obtiene ning\u00fan tipo de dato personal de los usuarios.<\/p>\n<p>Las cookies de an\u00e1lisis de esta p\u00e1gina son proporcionadas por el servicio Google Analytics propiedad de Google Inc.<\/p>\n<ul>\n<li aria-level=\"1\"><a href=\"https:\/\/developers.google.com\/analytics\/devguides\/collection\/analyticsjs\/cookie-usage\">https:\/\/developers.google.com\/analytics\/devguides\/collection\/analyticsjs\/cookie-usage<\/a><\/li>\n<\/ul>\n<p><b>Consentimiento<\/b><\/p>\n<p>Si usted consiente la utilizaci\u00f3n de cookies, contin\u00faa navegando o hace clic en alg\u00fan link se entender\u00e1 que usted ha consentido el uso de las cookies antes anunciadas, las condiciones contenidas en la presente Pol\u00edtica de Cookies y por lo tanto la instalaci\u00f3n de las mismas en su equipo o dispositivo.<\/p>\n<p><b>Retirar mi consentimiento<\/b><\/p>\n<p>Las cookies son \u00fatiles por varios motivos. Desde un punto de vista t\u00e9cnico, permiten que las p\u00e1ginas web funcionen m\u00e1s \u00e1giles y adaptadas a sus preferencias, como por ejemplo almacenar su idioma o la moneda de su pa\u00eds. Adem\u00e1s, ayudan a los responsables de los sitios web a mejorar los servicios que ofrecen, gracias a la informaci\u00f3n estad\u00edstica que recogen a trav\u00e9s de ellas. Finalmente, sirven para hacer m\u00e1s eficiente que le mostramos, gracias a la cual le podemos ofrecer servicios de forma gratuita.<\/p>\n<p>No obstante, si quisiese retirar en cualquier momento su consentimiento relacionado con la presente Pol\u00edtica de Cookies, deber\u00e1 eliminar las cookies almacenadas en su equipo (ordenador o dispositivo m\u00f3vil) a trav\u00e9s de los ajustes y configuraciones de su navegador de Internet.<\/p>\n<p><b>Deshabilitar y bloquear cookies<\/b><\/p>\n<p>La mayor parte de los navegadores de hoy en d\u00eda permiten la gesti\u00f3n de las\u00a0<i>cookies<\/i>\u00a0de 3 formas diferentes:<\/p>\n<ol>\n<li aria-level=\"1\">Las\u00a0<i>cookies<\/i>\u00a0no se aceptan nunca.<\/li>\n<li aria-level=\"1\">El navegador pregunta al usuario si se debe aceptar cada\u00a0<i>cookie<\/i>.<\/li>\n<li aria-level=\"1\">Las\u00a0<i>cookies<\/i>\u00a0se aceptan siempre.<\/li>\n<\/ol>\n<p>El navegador tambi\u00e9n puede incluir la posibilidad de especificar mejor qu\u00e9\u00a0<i>cookies\u00a0<\/i>tienen que ser aceptadas y cu\u00e1les no. En concreto, el usuario puede normalmente aceptar alguna de las siguientes opciones:<\/p>\n<ol>\n<li aria-level=\"1\">rechazar las\u00a0<i>cookies<\/i>\u00a0de determinados dominios;<\/li>\n<li aria-level=\"1\">rechazar las\u00a0<i>cookies<\/i>\u00a0de terceros;<\/li>\n<li aria-level=\"1\">aceptar\u00a0<i>cookies<\/i>\u00a0como no persistentes (se eliminan cuando el navegador se cierra);<\/li>\n<li aria-level=\"1\">permitir al servidor crear\u00a0<i>cookies<\/i>\u00a0para un dominio diferente.<\/li>\n<\/ol>\n<p>El usuario podr\u00e1 (en cualquier momento)\u00a0 elegir que cookies quiere que funcionen en este sitio web mediante:<\/p>\n<ul>\n<li aria-level=\"1\">la configuraci\u00f3n del navegador:\n<ul>\n<li aria-level=\"2\">Chrome, desde\u00a0<a href=\"http:\/\/support.google.com\/chrome\/bin\/answer.py?hl=es&amp;answer=95647\">http:\/\/support.google.com\/chrome\/bin\/answer.py?hl=es&amp;answer=95647<\/a><\/li>\n<li aria-level=\"2\">Explorer, desde\u00a0<a href=\"http:\/\/windows.microsoft.com\/es-es\/windows7\/how-to-manage-cookies-in-internet-explorer-9\">http:\/\/windows.microsoft.com\/es-es\/windows7\/how-to-manage-cookies-in-internet-explorer-9<\/a><\/li>\n<li aria-level=\"2\">Firefox, desde\u00a0<a href=\"http:\/\/support.mozilla.org\/es\/kb\/habilitar-y-deshabilitar-cookies-que-los-sitios-we\">http:\/\/support.mozilla.org\/es\/kb\/habilitar-y-deshabilitar-cookies-que-los-sitios-we<\/a><\/li>\n<li aria-level=\"2\">Safari, desde\u00a0<a href=\"http:\/\/support.apple.com\/kb\/ph5042\">http:\/\/support.apple.com\/kb\/ph5042<\/a><\/li>\n<\/ul>\n<\/li>\n<li aria-level=\"1\">Existen herramientas de terceros, disponibles on line, que permiten a los usuarios detectar las cookies en cada sitio web que visita y gestionar su desactivaci\u00f3n.<\/li>\n<\/ul>\n<p>Le informamos que en el caso de bloquear o no aceptar la instalaci\u00f3n de cookies, es posible que ciertos servicios no est\u00e9n disponibles sin la utilizaci\u00f3n de \u00e9stas o que no pueda acceder a determinados servicios ni tampoco aprovechar por completo todo lo que nuestra web y aplicaciones le ofrecen.<\/p>\n<p><b>Cambios en la pol\u00edtica de cookies<\/b><\/p>\n<p>Es posible que actualicemos la Pol\u00edtica de Cookies de nuestro Sitio Web, por ello le recomendamos revisar esta pol\u00edtica cada vez que acceda a nuestro Sitio Web con el objetivo de estar adecuadamente informado sobre c\u00f3mo y para qu\u00e9 usamos las cookies.[\/vc_column_text][\/vc_column][\/vc_row]\n","protected":false},"excerpt":{"rendered":"<p>[vc_row type=\u00bbin_container\u00bb full_screen_row_position=\u00bbmiddle\u00bb column_margin=\u00bbnone\u00bb column_direction=\u00bbdefault\u00bb column_direction_tablet=\u00bbdefault\u00bb column_direction_phone=\u00bbdefault\u00bb scene_position=\u00bbcenter\u00bb text_color=\u00bbdark\u00bb text_align=\u00bbleft\u00bb row_border_radius=\u00bbnone\u00bb row_border_radius_applies=\u00bbbg\u00bb overflow=\u00bbvisible\u00bb overlay_strength=\u00bb0.3&#8243; gradient_direction=\u00bbleft_to_right\u00bb shape_divider_position=\u00bbbottom\u00bb bg_image_animation=\u00bbnone\u00bb gradient_type=\u00bbdefault\u00bb shape_type=\u00bb\u00bb][vc_column column_element_direction_desktop=\u00bbdefault\u00bb column_element_spacing=\u00bbdefault\u00bb desktop_text_alignment=\u00bbleft\u00bb tablet_text_alignment=\u00bbdefault\u00bb phone_text_alignment=\u00bbdefault\u00bb background_color_opacity=\u00bb1&#8243; background_hover_color_opacity=\u00bb1&#8243; background_image_phone=\u00bb25&#8243; column_backdrop_filter=\u00bbnone\u00bb column_shadow=\u00bbnone\u00bb column_border_radius=\u00bbnone\u00bb&#8230;<\/p>\n","protected":false},"author":2,"featured_media":0,"parent":0,"menu_order":0,"comment_status":"closed","ping_status":"closed","template":"","meta":{"footnotes":""},"class_list":["post-243","page","type-page","status-publish"],"_links":{"self":[{"href":"https:\/\/ravellobrasil.com\/es\/wp-json\/wp\/v2\/pages\/243","targetHints":{"allow":["GET"]}}],"collection":[{"href":"https:\/\/ravellobrasil.com\/es\/wp-json\/wp\/v2\/pages"}],"about":[{"href":"https:\/\/ravellobrasil.com\/es\/wp-json\/wp\/v2\/types\/page"}],"author":[{"embeddable":true,"href":"https:\/\/ravellobrasil.com\/es\/wp-json\/wp\/v2\/users\/2"}],"replies":[{"embeddable":true,"href":"https:\/\/ravellobrasil.com\/es\/wp-json\/wp\/v2\/comments?post=243"}],"version-history":[{"count":0,"href":"https:\/\/ravellobrasil.com\/es\/wp-json\/wp\/v2\/pages\/243\/revisions"}],"wp:attachment":[{"href":"https:\/\/ravellobrasil.com\/es\/wp-json\/wp\/v2\/media?parent=243"}],"curies":[{"name":"wp","href":"https:\/\/api.w.org\/{rel}","templated":true}]}}