{"id":241,"date":"2023-10-27T13:51:00","date_gmt":"2023-10-27T11:51:00","guid":{"rendered":"https:\/\/ravellobrasil.com\/?page_id=241"},"modified":"2023-11-07T12:13:20","modified_gmt":"2023-11-07T11:13:20","slug":"politica-privacidad","status":"publish","type":"page","link":"https:\/\/ravellobrasil.com\/es\/politica-privacidad\/","title":{"rendered":"POL\u00cdTICA DE PRIVACIDAD"},"content":{"rendered":"[vc_row type=\u00bbin_container\u00bb full_screen_row_position=\u00bbmiddle\u00bb column_margin=\u00bbnone\u00bb column_direction=\u00bbdefault\u00bb column_direction_tablet=\u00bbdefault\u00bb column_direction_phone=\u00bbdefault\u00bb scene_position=\u00bbcenter\u00bb text_color=\u00bbdark\u00bb text_align=\u00bbleft\u00bb row_border_radius=\u00bbnone\u00bb row_border_radius_applies=\u00bbbg\u00bb overflow=\u00bbvisible\u00bb overlay_strength=\u00bb0.3&#8243; gradient_direction=\u00bbleft_to_right\u00bb shape_divider_position=\u00bbbottom\u00bb bg_image_animation=\u00bbnone\u00bb gradient_type=\u00bbdefault\u00bb shape_type=\u00bb\u00bb][vc_column column_element_direction_desktop=\u00bbdefault\u00bb column_element_spacing=\u00bbdefault\u00bb desktop_text_alignment=\u00bbleft\u00bb tablet_text_alignment=\u00bbdefault\u00bb phone_text_alignment=\u00bbdefault\u00bb background_color_opacity=\u00bb1&#8243; background_hover_color_opacity=\u00bb1&#8243; background_image_phone=\u00bb25&#8243; column_backdrop_filter=\u00bbnone\u00bb column_shadow=\u00bbnone\u00bb column_border_radius=\u00bbnone\u00bb column_link_target=\u00bb_self\u00bb column_position=\u00bbdefault\u00bb gradient_direction=\u00bbleft_to_right\u00bb overlay_strength=\u00bb0.3&#8243; width=\u00bb1\/1&#8243; tablet_width_inherit=\u00bbdefault\u00bb animation_type=\u00bbdefault\u00bb bg_image_animation=\u00bbnone\u00bb parallax_bg=\u00bbtrue\u00bb parallax_bg_speed=\u00bbminimum\u00bb border_type=\u00bbsimple\u00bb column_border_width=\u00bbnone\u00bb column_border_style=\u00bbsolid\u00bb column_padding_type=\u00bbadvanced\u00bb gradient_type=\u00bbdefault\u00bb][split_line_heading animation_type=\u00bbline-reveal-by-space\u00bb font_style=\u00bbh2&#8243; text_color=\u00bb#919d9d\u00bb line_reveal_by_space_text_effect=\u00bbnone\u00bb stagger_animation=\u00bbtrue\u00bb mobile_disable_animation=\u00bbtrue\u00bb content_alignment=\u00bbdefault\u00bb mobile_content_alignment=\u00bbinherit\u00bb link_target=\u00bb_self\u00bb text_content=\u00bbPOL\u00cdTICA DE PRIVACIDAD\u00bb font_size_tablet=\u00bb9vw\u00bb font_size_phone=\u00bb10vw\u00bb][\/split_line_heading][vc_column_text]\n<div class=\"wpb_text_column wpb_content_element \">\n<div class=\"wpb_wrapper\">Ravello do Brasil Operador Log\u00edstico Ltda con domicilio social en R. Comendador Ara\u00fajo, 499 \u2013 10\u00ba andar \u2013 Centro \u2013 Curitiba \u2013 PR, CEP 80420-000, Brasil es titular del dominio en Internet: www.ravellobrasil.comy responsable del tratamiento de los datos de car\u00e1cter personal suministrados por los usuarios a trav\u00e9s de este sitio web.<\/div>\n<\/div>\n<p>Al facilitarnos su informaci\u00f3n personal y utilizar nuestro sitio web, entendemos que ha le\u00eddo y comprendido los t\u00e9rminos relacionados con esta informaci\u00f3n de protecci\u00f3n de datos de car\u00e1cter personal. En RAVELLO asumimos la responsabilidad de cumplir con la legislaci\u00f3n vigente en materia de protecci\u00f3n de datos nacional y europea, y tenemos el objetivo de tratar sus datos de manera l\u00edcita, leal y transparente tal como se establece en el Reglamento General de Protecci\u00f3n de Datos 2016\/679.<\/p>\n<p><strong>INFORMACI\u00d3N B\u00c1SICA SOBRE PROTECCI\u00d3N DE DATOS<\/strong><\/p>\n<p>A continuaci\u00f3n le informamos sobre la pol\u00edtica de protecci\u00f3n de datos de RAVELLO.<\/p>\n<p><strong>Responsable del tratamiento<\/strong><\/p>\n<p>Los datos de car\u00e1cter personal que se pudieran recabar directamente del interesado ser\u00e1n tratados de forma confidencial y quedar\u00e1n incorporados a la correspondiente actividad de tratamiento titularidad de RAVELLO.<\/p>\n<p><strong>Conservaci\u00f3n de datos<\/strong><\/p>\n<p>Los datos personales proporcionados se conservar\u00e1n durante el tiempo necesario para cumplir con la finalidad para la que se recaban y para determinar las posibles responsabilidades que se pudieran derivar de la finalidad, adem\u00e1s de los per\u00edodos establecidos en la normativa de archivos y documentaci\u00f3n.<\/p>\n<p><strong>Comunicaci\u00f3n de datos<\/strong><\/p>\n<p>Se comunicar\u00e1n los datos personales a terceros: Por obligaci\u00f3n legal, por necesidad para la ejecuci\u00f3n de los servicios contratados\/solicitados, para consulta de informes comerciales y de riesgo.<\/p>\n<p><strong>Finalidad<\/strong><\/p>\n<p>Las finalidades del tratamiento de los datos corresponden a la ejecuci\u00f3n de los servicios contratados\/solicitados y al env\u00edo de informaci\u00f3n comercial.<\/p>\n<p><strong>Legitimaci\u00f3n<\/strong><\/p>\n<ul>\n<li aria-level=\"1\">El tratamiento de sus datos es necesario para la ejecuci\u00f3n de un contrato en el que el interesado es parte o para la aplicaci\u00f3n a petici\u00f3n de este de medidas precontractuales.<\/li>\n<li aria-level=\"1\">El tratamiento es necesario para el cumplimiento de una obligaci\u00f3n legal aplicable al responsable de tratamiento.<\/li>\n<li aria-level=\"1\">El interesado da su consentimiento para uno o varios fines.<\/li>\n<li aria-level=\"1\">El tratamiento es necesario para la satisfacci\u00f3n de intereses leg\u00edtimos perseguidos por el responsable de tratamiento o por un tercero, siempre que sobre dichos intereses no prevalezcan los intereses o los derechos y libertades fundamentales del interesado. Cuando la finalidad del tratamiento requiera su consentimiento, que habr\u00e1 de ser prestado mediante una clara acci\u00f3n afirmativa.<\/li>\n<\/ul>\n<p><strong>Derechos de los interesados<\/strong><\/p>\n<p>Cualquier persona tiene derecho a obtener confirmaci\u00f3n sobre los tratamientos que de sus datos que se llevan a cabo por RAVELLO.<\/p>\n<p>Puede ejercer sus derechos de acceso, rectificaci\u00f3n, supresi\u00f3n y portabilidad de sus datos, de limitaci\u00f3n y oposici\u00f3n a su tratamiento, as\u00ed como a no ser objeto de decisiones basadas \u00fanicamente en el tratamiento automatizado de sus datos, cuando procedan, ante Ravello do Brasil Operador Log\u00edstico Ltda, R. Comendador Ara\u00fajo, 499 \u2013 10\u00ba andar \u2013 Centro \u2013 Curitiba \u2013 PR, CEP 80420-000, Brasil, junto con prueba de identificaci\u00f3n v\u00e1lida en derecho, a la atenci\u00f3n del Departamento de asesor\u00eda jur\u00eddica e indicando el asunto \u201cProtecci\u00f3n de datos\u201d.[\/vc_column_text][\/vc_column][\/vc_row]\n","protected":false},"excerpt":{"rendered":"<p>[vc_row type=\u00bbin_container\u00bb full_screen_row_position=\u00bbmiddle\u00bb column_margin=\u00bbnone\u00bb column_direction=\u00bbdefault\u00bb column_direction_tablet=\u00bbdefault\u00bb column_direction_phone=\u00bbdefault\u00bb scene_position=\u00bbcenter\u00bb text_color=\u00bbdark\u00bb text_align=\u00bbleft\u00bb row_border_radius=\u00bbnone\u00bb row_border_radius_applies=\u00bbbg\u00bb overflow=\u00bbvisible\u00bb overlay_strength=\u00bb0.3&#8243; gradient_direction=\u00bbleft_to_right\u00bb shape_divider_position=\u00bbbottom\u00bb bg_image_animation=\u00bbnone\u00bb gradient_type=\u00bbdefault\u00bb shape_type=\u00bb\u00bb][vc_column column_element_direction_desktop=\u00bbdefault\u00bb column_element_spacing=\u00bbdefault\u00bb desktop_text_alignment=\u00bbleft\u00bb tablet_text_alignment=\u00bbdefault\u00bb phone_text_alignment=\u00bbdefault\u00bb background_color_opacity=\u00bb1&#8243; background_hover_color_opacity=\u00bb1&#8243; background_image_phone=\u00bb25&#8243; column_backdrop_filter=\u00bbnone\u00bb column_shadow=\u00bbnone\u00bb column_border_radius=\u00bbnone\u00bb&#8230;<\/p>\n","protected":false},"author":2,"featured_media":0,"parent":0,"menu_order":0,"comment_status":"closed","ping_status":"closed","template":"","meta":{"footnotes":""},"class_list":["post-241","page","type-page","status-publish"],"_links":{"self":[{"href":"https:\/\/ravellobrasil.com\/es\/wp-json\/wp\/v2\/pages\/241","targetHints":{"allow":["GET"]}}],"collection":[{"href":"https:\/\/ravellobrasil.com\/es\/wp-json\/wp\/v2\/pages"}],"about":[{"href":"https:\/\/ravellobrasil.com\/es\/wp-json\/wp\/v2\/types\/page"}],"author":[{"embeddable":true,"href":"https:\/\/ravellobrasil.com\/es\/wp-json\/wp\/v2\/users\/2"}],"replies":[{"embeddable":true,"href":"https:\/\/ravellobrasil.com\/es\/wp-json\/wp\/v2\/comments?post=241"}],"version-history":[{"count":0,"href":"https:\/\/ravellobrasil.com\/es\/wp-json\/wp\/v2\/pages\/241\/revisions"}],"wp:attachment":[{"href":"https:\/\/ravellobrasil.com\/es\/wp-json\/wp\/v2\/media?parent=241"}],"curies":[{"name":"wp","href":"https:\/\/api.w.org\/{rel}","templated":true}]}}